{"id":1784,"date":"2022-12-15T15:01:53","date_gmt":"2022-12-15T15:01:53","guid":{"rendered":"https:\/\/graphistogram.com\/?post_type=product&#038;p=1784"},"modified":"2024-06-12T15:16:33","modified_gmt":"2024-06-12T15:16:33","slug":"cartographie-a-laquarelle-corse","status":"publish","type":"product","link":"https:\/\/graphistogram.com\/?product=cartographie-a-laquarelle-corse","title":{"rendered":"Cartographie \u00e0 l&rsquo;Aquarelle : Corse"},"content":{"rendered":"<p><strong>DESCRIPTION PRODUITS :<br \/>\n<\/strong><strong>OPTION 1 : Reproduction d\u2019Art <\/strong>sur papier textur\u00e9 310g<br \/>\n<strong>Type de produit :<\/strong>\u00a0Reproduction d\u2019une cartographie \u00e0 l\u2019aquarelle en s\u00e9rie limit\u00e9e sur papier Fine Art Textur\u00e9 310g<br \/>\n<strong>S\u00e9rie limit\u00e9e<\/strong> \u00e0 100 exemplaires num\u00e9rot\u00e9s, sign\u00e9s &amp; dat\u00e9s au dos (voir photo) par l\u2019artiste Raphaelle Kmieckowiak \u2013 GRAPHISTOGRAM<br \/>\n<strong>Papier :<\/strong>\u00a0Hahnem\u00fchle \u201cFine Art\u201d Textur\u00e9 avec finition matte, Ref. William Turner, 100% coton, 310g, fabriqu\u00e9 \u00e0 la main en Allemagne<br \/>\n<strong>Taille de l\u2019oeuvre :<\/strong>\u00a013\u00d713 cm<br \/>\n<strong>Taille totale avec marges :<\/strong>\u00a0environ 14,8\u00d714,8 cm<br \/>\n<strong>Impression :\u00a0<\/strong>Encres Epson &amp; avec imprimante eco-responsable (technologie Eco-Tank)<\/p>\n<p><strong>OPTION 2 : Reproduction d\u2019Art <\/strong>sur papier textur\u00e9 310g<br \/>\n<strong>Type de produit :<\/strong>\u00a0Reproduction d\u2019une cartographie \u00e0 l\u2019aquarelle en s\u00e9rie limit\u00e9e sur papier Fine Art Textur\u00e9 310g<br \/>\n<strong>S\u00e9rie limit\u00e9e<\/strong> \u00e0 100 exemplaires num\u00e9rot\u00e9s, sign\u00e9s &amp; dat\u00e9s au dos (voir photo) par l\u2019artiste Raphaelle Kmieckowiak \u2013 GRAPHISTOGRAM<br \/>\n<strong>Papier :<\/strong>\u00a0Hahnem\u00fchle \u201cFine Art\u201d Textur\u00e9 avec finition matte, Ref. William Turner, 100% coton, 310g, fabriqu\u00e9 \u00e0 la main en Allemagne<br \/>\n<strong>Taille de l\u2019oeuvre :<\/strong> 19\u00d719 cm<br \/>\n<strong>Taille totale avec marges :<\/strong> environ 20,7\u00d720,7 cm<br \/>\n<strong>Impression :\u00a0<\/strong>Encres Epson &amp; avec imprimante eco-responsable (technologie Eco-Tank)<\/p>\n<p><strong>OPTION 3 : Sticker Mat <\/strong>sur papier autocollant non hydrofuge<br \/>\n<strong>Type de produit :\u00a0<\/strong>Reproduction d\u2019une cartographie \u00e0 l\u2019aquarelle sur papier autocollant destin\u00e9 au scrap, scrapbooking, carnets de voyages, mixed media, beaux arts\u2026<strong><br \/>\nDisponible en <a href=\"https:\/\/graphistogram.com\/?product=stickers-cartographie-a-laquarelle\" target=\"_blank\" rel=\"noopener\">lot<\/a> <\/strong>de plusieurs stickers<br \/>\n<strong>Papier :<\/strong>\u00a0Micro Application Autocollants 238g \u2013 mat<br \/>\n<strong>Taille de l\u2019image :<\/strong>\u00a07\u00d77 cm<br \/>\n<strong>Taille totale apr\u00e8s d\u00e9coupe :<\/strong>\u00a0entre 6,9\u00d76,9 cm et 7,1\u00d77,1 cm<br \/>\n<strong><br \/>\n<\/strong><strong>PROCESSUS DE FABRICATION :<\/strong><br \/>\nCartographie peinte \u00e0 la main par l\u2019aquarelliste Raphaelle Kmieckowiak<br \/>\n<strong>Ann\u00e9e de production :<\/strong>\u00a02022<br \/>\n<strong>Choix du papier :\u00a0<\/strong>pour un\u00a0<strong>rendu ultra r\u00e9alise<\/strong>\u00a0et fid\u00e8le \u00e0 l\u2019aquarelle originale, la reproduction est imprim\u00e9e sur du\u00a0<strong>papier textur\u00e9 100% coton<\/strong>\u00a0de\u00a0<strong>310g<\/strong>\u00a0par m2 de la marque Hahnem\u00fchle Fine Art R\u00e9f. William Turner. Fabrication en Allemagne.<br \/>\n<strong>Le papier Hahnem\u00fchle<\/strong>\u00a0permet de b\u00e9n\u00e9ficier d\u2019un\u00a0<strong>temps de conservation de l\u2019oeuvre<\/strong>\u00a0pouvant aller jusqu\u2019\u00e0\u00a0<strong>100 ans<\/strong>\u00a0dans des conditions optimales\u00a0<em>(voir conseils de conservation)<\/em><br \/>\n<strong>Impression<\/strong>\u00a0r\u00e9alis\u00e9e \u00e0 Marseille avec une\u00a0<strong>imprimante \u00e9co-responsable<\/strong>\u00a0(technologie Eco-Tank) de marque EPSON. Cette imprimante Jet d\u2019encre n\u2019utilise pas de cartouches mais des recharges d\u2019encre liquide, pour une production plus\u00a0<strong>durable<\/strong>.<\/p>\n<p><strong>CONSEILS DE CONSERVATION :\u00a0<\/strong><br \/>\nUne aquarelle, ou une reproduction Fine Art est compos\u00e9e de pigments pouvant se d\u00e9tacher de la feuille.\u00a0<strong>Ne pas toucher la reproduction<\/strong>\u00a0aux endroits imprim\u00e9s, ne pas gratter, ne pas griffer, ni plier le papier. Les reproductions sont\u00a0<strong>sensibles aux UV<\/strong>\u00a0du soleil. Ne pas exposer \u00e0 la lumi\u00e8re directe. Encadrer dans un cadre avec verre anti-UV pour une\u00a0<strong>conservation optimale<\/strong>\u00a0dans une pi\u00e8ce \u00e9clair\u00e9e.<br \/>\nIl vous est conseill\u00e9 de conserver votre reproduction\u00a0<strong>dans son emballage<\/strong>\u00a0transparent en attendant de l\u2019exposer.\u00a0<strong>Conserver \u00e0 plat et au sec.<\/strong><br \/>\nPour les stickers, l\u2019usage est pr\u00e9vu pour des travaux en int\u00e9rieur, le papier est mat et\u00a0<strong>non hydrofuge<\/strong>\u00a0(sensible \u00e0 l\u2019eau).<\/p>\n<p><strong>EMBALLAGE :<\/strong><br \/>\nL\u2019emballage de ce produit contient une fine pochette en plastique n\u00e9cessaire pour prot\u00e9ger l\u2019oeuvre,<br \/>\nLes reproductions ne sont pas hydrofuges et peuvent \u00eatre s\u00e9rieusement endommag\u00e9es par le transport, par l\u2019humidit\u00e9 ou par les frottements.<br \/>\nPour\u00a0<strong>compenser ce choix qualitatif de packaging<\/strong>, Raphaelle KMIECKOWIAK s\u2019engage \u00e0\u00a0<strong>reverser un pourcentage de ses ventes<\/strong>\u00a0chaque mois \u00e0 une association fran\u00e7aise oeuvrant pour la d\u00e9pollution \u00e0 Marseille :\u00a0<a href=\"https:\/\/www.cleanmycalanques.fr\/\">Clean My Calanques<\/a>. Membre depuis d\u00e9cembre 2022.<br \/>\nSi vous ne souhaitez pas acheter d\u2019oeuvre emball\u00e9e dans du plastique, c\u2019est tout \u00e0 votre honneur. Je vous invite dans ce cas \u00e0 me contacter via l\u2019email graphistogram@gmail.com pour passer commande directement aupr\u00e8s de Raphaelle KMIECKOWIAK \u2013\u00a0<em>d\u00e9lais de traitement suppl\u00e9mentaires d\u00e9termin\u00e9s au cas par cas selon votre position g\u00e9ographique<\/em>.<\/p>\n","protected":false},"excerpt":{"rendered":"<p>Cartographie du Vieux Port de Marseille peinte \u00e0 l&rsquo;aquarelle, reproduction<br \/>\n<strong>Artiste :<\/strong> Raphaelle Kmieckowiak, aquarelliste<br \/>\n<strong>Ann\u00e9e :<\/strong> 2022<\/p>\n<p>3 options disponibles :<br \/>\n<strong>&#8211; Reproduction Fine Art<\/strong>\u00a0&#8211; 13x13cm<br \/>\n<strong>&#8211; Reproduction Fine Art<\/strong>\u00a0&#8211; 19x19cm<br \/>\n<strong>&#8211; Stickers <\/strong>Mat &#8211; 7x7cm<\/p>\n","protected":false},"featured_media":1789,"comment_status":"open","ping_status":"closed","template":"","meta":{"_kad_post_transparent":"default","_kad_post_title":"","_kad_post_layout":"default","_kad_post_sidebar_id":"","_kad_post_content_style":"default","_kad_post_vertical_padding":"default","_kad_post_feature":"","_kad_post_feature_position":"","_kad_post_header":false,"_kad_post_footer":false},"product_cat":[21,15,22,30],"product_tag":[],"_links":{"self":[{"href":"https:\/\/graphistogram.com\/index.php?rest_route=\/wp\/v2\/product\/1784"}],"collection":[{"href":"https:\/\/graphistogram.com\/index.php?rest_route=\/wp\/v2\/product"}],"about":[{"href":"https:\/\/graphistogram.com\/index.php?rest_route=\/wp\/v2\/types\/product"}],"replies":[{"embeddable":true,"href":"https:\/\/graphistogram.com\/index.php?rest_route=%2Fwp%2Fv2%2Fcomments&post=1784"}],"wp:featuredmedia":[{"embeddable":true,"href":"https:\/\/graphistogram.com\/index.php?rest_route=\/wp\/v2\/media\/1789"}],"wp:attachment":[{"href":"https:\/\/graphistogram.com\/index.php?rest_route=%2Fwp%2Fv2%2Fmedia&parent=1784"}],"wp:term":[{"taxonomy":"product_cat","embeddable":true,"href":"https:\/\/graphistogram.com\/index.php?rest_route=%2Fwp%2Fv2%2Fproduct_cat&post=1784"},{"taxonomy":"product_tag","embeddable":true,"href":"https:\/\/graphistogram.com\/index.php?rest_route=%2Fwp%2Fv2%2Fproduct_tag&post=1784"}],"curies":[{"name":"wp","href":"https:\/\/api.w.org\/{rel}","templated":true}]}}